{"id":2685,"date":"2025-05-21T07:47:49","date_gmt":"2025-05-21T07:47:49","guid":{"rendered":"https:\/\/agenciares.es\/?page_id=2685"},"modified":"2025-05-21T08:16:46","modified_gmt":"2025-05-21T08:16:46","slug":"condiciones-de-venta","status":"publish","type":"page","link":"https:\/\/agenciares.es\/index.php\/condiciones-de-venta\/","title":{"rendered":"Condiciones de venta"},"content":{"rendered":"\t\t<div data-elementor-type=\"wp-page\" data-elementor-id=\"2685\" class=\"elementor elementor-2685\" data-elementor-settings=\"[]\">\n\t\t\t\t\t\t<div class=\"elementor-inner\">\n\t\t\t\t\t\t\t<div class=\"elementor-section-wrap\">\n\t\t\t\t\t\t\t<section class=\"elementor-section elementor-top-section elementor-element elementor-element-3f40e05 elementor-section-boxed elementor-section-height-default elementor-section-height-default\" data-id=\"3f40e05\" data-element_type=\"section\" data-settings=\"{&quot;background_background&quot;:&quot;classic&quot;}\">\n\t\t\t\t\t\t\t<div class=\"elementor-background-overlay\"><\/div>\n\t\t\t\t\t\t\t<div class=\"elementor-container elementor-column-gap-default\">\n\t\t\t\t\t\t\t<div class=\"elementor-row\">\n\t\t\t\t\t<div class=\"elementor-column elementor-col-100 elementor-top-column elementor-element elementor-element-f3cd016\" data-id=\"f3cd016\" data-element_type=\"column\">\n\t\t\t<div class=\"elementor-column-wrap elementor-element-populated\">\n\t\t\t\t\t\t\t<div class=\"elementor-widget-wrap\">\n\t\t\t\t\t\t<div class=\"elementor-element elementor-element-b7559af elementor-widget elementor-widget-heading\" data-id=\"b7559af\" data-element_type=\"widget\" data-widget_type=\"heading.default\">\n\t\t\t\t<div class=\"elementor-widget-container\">\n\t\t\t<h1 class=\"elementor-heading-title elementor-size-default\">Condiciones de venta<\/h1>\t\t<\/div>\n\t\t\t\t<\/div>\n\t\t\t\t<div class=\"elementor-element elementor-element-5a51fa3 elementor-widget-divider--view-line elementor-widget elementor-widget-divider\" data-id=\"5a51fa3\" data-element_type=\"widget\" data-widget_type=\"divider.default\">\n\t\t\t\t<div class=\"elementor-widget-container\">\n\t\t\t\t\t<div class=\"elementor-divider\">\n\t\t\t<span class=\"elementor-divider-separator\">\n\t\t\t\t\t\t<\/span>\n\t\t<\/div>\n\t\t\t\t<\/div>\n\t\t\t\t<\/div>\n\t\t\t\t\t\t<\/div>\n\t\t\t\t\t<\/div>\n\t\t<\/div>\n\t\t\t\t\t\t\t\t<\/div>\n\t\t\t\t\t<\/div>\n\t\t<\/section>\n\t\t\t\t<section class=\"elementor-section elementor-inner-section elementor-element elementor-element-157cdb8 elementor-section-boxed elementor-section-height-default elementor-section-height-default\" data-id=\"157cdb8\" data-element_type=\"section\">\n\t\t\t\t\t\t<div class=\"elementor-container elementor-column-gap-default\">\n\t\t\t\t\t\t\t<div class=\"elementor-row\">\n\t\t\t\t\t<div class=\"elementor-column elementor-col-100 elementor-inner-column elementor-element elementor-element-532b099\" data-id=\"532b099\" data-element_type=\"column\">\n\t\t\t<div class=\"elementor-column-wrap elementor-element-populated\">\n\t\t\t\t\t\t\t<div class=\"elementor-widget-wrap\">\n\t\t\t\t\t\t<div class=\"elementor-element elementor-element-fdc08f7 elementor-widget elementor-widget-text-editor\" data-id=\"fdc08f7\" data-element_type=\"widget\" data-widget_type=\"text-editor.default\">\n\t\t\t\t<div class=\"elementor-widget-container\">\n\t\t\t\t\t\t\t\t<div class=\"elementor-text-editor elementor-clearfix\">\n\t\t\t\t\t<p><strong>1 GENERALIDADES<\/strong><\/p><p>El env\u00edo de un pedido implica por parte del comprador la aceptaci\u00f3n de las presentes condiciones generales de venta, salvo acuerdo particular entre ambas partes mediante estipulaciones precisas indicadas en la aceptaci\u00f3n del pedido.<\/p><p><strong>Nuestros modelos reflejados en esta tarifa, podr\u00e1n ser modificados o eliminados sin previo aviso y sin incurrir en ninguna responsabilidad o indemnizaci\u00f3n, as\u00ed como sus precios<\/strong><\/p><p><strong>2 PRECIOS<\/strong><\/p><p>Los precios de la presente tarifa se entiende sin impuestos considerando la mercanc\u00eda puesta en nuestro almacenes. Los impuestos en vigor se establecer\u00e1n en cada factura<\/p><p><strong>3 PORTES<\/strong><\/p><p>Los pedidos cuyo importe neto sea superior a 400.00\u20ac se enviaran a portes pagados, y los pedidos de inferior importe ser\u00e1n enviados igualmente a portes pagados pero cargando en factura por este concepto en importe de 15.00\u20ac<\/p><p><strong>4 EXPEDICIONES<\/strong><\/p><p>Nuestros productos se consideran siempre vendidos en nuestros almacenes y la fecha de expedici\u00f3n es la que figura en nuestra factura. Las mercanc\u00edas se expiden y viajan \u00fanicamente a riesgo (y cuenta) del destinatario, aunque sean enviadas a portes pagados. El destinatario comprobar\u00e1 al recibo de la mercanc\u00eda el estado de la misma indicando las posibles anomal\u00edas en el albar\u00e1n del transportista. Declinamos toda responsabilidad en relaci\u00f3n con aver\u00edas o perdidas de la mercanc\u00eda por causa del transporte as\u00ed como retrasos que puedan producirse por causa del mismo. En caso de error u omisi\u00f3n en una entrega por nuestra parte, nuestra responsabilidad alcanza a reemplazar la pieza no conforme o la entrega de la no enviada<\/p><p><strong>5 PLAZO DE ENTREGA<\/strong><\/p><p>Los pedidos que se reciban sin indicaci\u00f3n de fecha de entrega y pudiendo hacer varias expediciones. Los plazos de entrega o de expedici\u00f3n son dados a titulo orientativo, por tanto cualquier retraso o expedici\u00f3n fraccionada no ser\u00e1 motivo de indemnizaci\u00f3n o reclamaci\u00f3n alguna<\/p><p><strong>6 CONDICIONES DE PAGO<\/strong><\/p><p>Las facturas ser\u00e1n pagadas por cualquier medio de pago pactado con Agenciares S.L. y con vencimiento m\u00e1ximo 60 d\u00edas de factura. Todas las operaciones comerciales est\u00e1n aseguradas por una compa\u00f1\u00eda de riesgo sin cuya autorizaci\u00f3n no ser\u00e1 posible el env\u00edo de ning\u00fan material. El incumplimiento por parte del comprador las condiciones de pago previamente pactadas supondr\u00e1 la retenci\u00f3n o anulaci\u00f3n de los pedidos pendientes hasta la total soluci\u00f3n de la deuda no satisfecha. Todo retraso de pago sobre las fechas fijadas, aunque sea de mutuo acuerdo, supondr\u00e1 por parte del comprador el abono de los gastos producidos<\/p><p><strong>7 DEVOLUCIONES<\/strong><\/p><p>No se admitir\u00e1 ninguna devoluci\u00f3n de material que no haya sido pactada expresamente con nuestra compa\u00f1\u00cda y autorizada por nuestra <strong>DIRECCION<\/strong><\/p><p><strong>8 GARANT\u00cdA<\/strong><\/p><p>Nuestro productos est\u00e1n garantizados por <span style=\"text-decoration: underline;\"><strong>2 a\u00f1os<\/strong><\/span> a contar desde la fecha de la factura. La garant\u00eda cubre todos los defectos de fabricaci\u00f3n con la condici\u00f3n de que los productos hayan sido instalados de acuerdo a la normativa en vigor. Esta garant\u00eda no cubre los productos que hayan sido manipulados en su interior y en su acabado exterior. Nuestros fabricados est\u00e1n protegidos con un seguro de responsabilidad civil, en caso de producir da\u00f1os como consecuencia de alg\u00fan fallo o defecto en nuestra producci\u00f3n<\/p><p><strong>9 RESERVA DE DOMINIO<\/strong><\/p><p>Los productos suministrados ser\u00e1n propiedad de AGENCIARES, S.L. hasta el pago completo de la factura correspondiente<\/p>\t\t\t\t\t<\/div>\n\t\t\t\t\t\t<\/div>\n\t\t\t\t<\/div>\n\t\t\t\t\t\t<\/div>\n\t\t\t\t\t<\/div>\n\t\t<\/div>\n\t\t\t\t\t\t\t\t<\/div>\n\t\t\t\t\t<\/div>\n\t\t<\/section>\n\t\t\t\t<section class=\"elementor-section elementor-top-section elementor-element elementor-element-5ee44bf elementor-section-content-middle elementor-section-boxed elementor-section-height-default elementor-section-height-default\" data-id=\"5ee44bf\" data-element_type=\"section\" data-settings=\"{&quot;background_background&quot;:&quot;classic&quot;}\">\n\t\t\t\t\t\t<div class=\"elementor-container elementor-column-gap-default\">\n\t\t\t\t\t\t\t<div class=\"elementor-row\">\n\t\t\t\t\t<div class=\"elementor-column elementor-col-100 elementor-top-column elementor-element elementor-element-7087f36\" data-id=\"7087f36\" data-element_type=\"column\">\n\t\t\t<div class=\"elementor-column-wrap elementor-element-populated\">\n\t\t\t\t\t\t\t<div class=\"elementor-widget-wrap\">\n\t\t\t\t\t\t<div class=\"elementor-element elementor-element-28e5ae0 e-grid-align-tablet-center e-grid-align-mobile-center elementor-shape-rounded elementor-grid-0 e-grid-align-center elementor-widget elementor-widget-social-icons\" data-id=\"28e5ae0\" data-element_type=\"widget\" data-widget_type=\"social-icons.default\">\n\t\t\t\t<div class=\"elementor-widget-container\">\n\t\t\t\t\t<div class=\"elementor-social-icons-wrapper elementor-grid\">\n\t\t\t\t\t\t\t<span class=\"elementor-grid-item\">\n\t\t\t\t\t<a class=\"elementor-icon elementor-social-icon elementor-social-icon-facebook-f elementor-repeater-item-hm3y18b\" href=\"https:\/\/www.facebook.com\/AgenciaresSL\" target=\"_blank\">\n\t\t\t\t\t\t<span class=\"elementor-screen-only\">Facebook-f<\/span>\n\t\t\t\t\t\t<i class=\"fab fa-facebook-f\"><\/i>\t\t\t\t\t<\/a>\n\t\t\t\t<\/span>\n\t\t\t\t\t\t\t<span class=\"elementor-grid-item\">\n\t\t\t\t\t<a class=\"elementor-icon elementor-social-icon elementor-social-icon-twitter elementor-repeater-item-jng31iy\" href=\"https:\/\/x.com\/agenciares\" target=\"_blank\">\n\t\t\t\t\t\t<span class=\"elementor-screen-only\">Twitter<\/span>\n\t\t\t\t\t\t<i class=\"fab fa-twitter\"><\/i>\t\t\t\t\t<\/a>\n\t\t\t\t<\/span>\n\t\t\t\t\t\t\t<span class=\"elementor-grid-item\">\n\t\t\t\t\t<a class=\"elementor-icon elementor-social-icon elementor-social-icon-linkedin elementor-repeater-item-xm4f58e\" href=\"https:\/\/www.linkedin.com\/company\/ruiz-decoletaje\/?_l=es_ES\" target=\"_blank\">\n\t\t\t\t\t\t<span class=\"elementor-screen-only\">Linkedin<\/span>\n\t\t\t\t\t\t<i class=\"fab fa-linkedin\"><\/i>\t\t\t\t\t<\/a>\n\t\t\t\t<\/span>\n\t\t\t\t\t\t\t<span class=\"elementor-grid-item\">\n\t\t\t\t\t<a class=\"elementor-icon elementor-social-icon elementor-social-icon-instagram elementor-repeater-item-ec96a1c\" href=\"https:\/\/www.instagram.com\/agenciares\/\" target=\"_blank\">\n\t\t\t\t\t\t<span class=\"elementor-screen-only\">Instagram<\/span>\n\t\t\t\t\t\t<i class=\"fab fa-instagram\"><\/i>\t\t\t\t\t<\/a>\n\t\t\t\t<\/span>\n\t\t\t\t\t<\/div>\n\t\t\t\t<\/div>\n\t\t\t\t<\/div>\n\t\t\t\t\t\t<\/div>\n\t\t\t\t\t<\/div>\n\t\t<\/div>\n\t\t\t\t\t\t\t\t<\/div>\n\t\t\t\t\t<\/div>\n\t\t<\/section>\n\t\t\t\t\t\t<\/div>\n\t\t\t\t\t\t<\/div>\n\t\t\t\t\t<\/div>\n\t\t","protected":false},"excerpt":{"rendered":"<p>Condiciones de venta 1 GENERALIDADES El env\u00edo de un pedido implica por parte del comprador la aceptaci\u00f3n de las presentes condiciones generales de venta, salvo acuerdo particular entre ambas partes mediante estipulaciones precisas indicadas en la aceptaci\u00f3n del pedido. Nuestros modelos reflejados en esta tarifa, podr\u00e1n ser modificados o eliminados sin previo aviso y sin [&hellip;]<\/p>\n","protected":false},"author":1,"featured_media":0,"parent":0,"menu_order":0,"comment_status":"closed","ping_status":"closed","template":"","meta":{"footnotes":""},"class_list":["post-2685","page","type-page","status-publish","hentry"],"yoast_head":"<!-- This site is optimized with the Yoast SEO plugin v16.7 - https:\/\/yoast.com\/wordpress\/plugins\/seo\/ -->\n<title>Condiciones de venta - Agenciares - desde 2006<\/title>\n<meta name=\"robots\" content=\"index, follow, max-snippet:-1, max-image-preview:large, max-video-preview:-1\" \/>\n<link rel=\"canonical\" href=\"https:\/\/agenciares.es\/index.php\/condiciones-de-venta\/\" \/>\n<meta property=\"og:locale\" content=\"es_ES\" \/>\n<meta property=\"og:type\" content=\"article\" \/>\n<meta property=\"og:title\" content=\"Condiciones de venta - Agenciares - desde 2006\" \/>\n<meta property=\"og:description\" content=\"Condiciones de venta 1 GENERALIDADES El env\u00edo de un pedido implica por parte del comprador la aceptaci\u00f3n de las presentes condiciones generales de venta, salvo acuerdo particular entre ambas partes mediante estipulaciones precisas indicadas en la aceptaci\u00f3n del pedido. Nuestros modelos reflejados en esta tarifa, podr\u00e1n ser modificados o eliminados sin previo aviso y sin [&hellip;]\" \/>\n<meta property=\"og:url\" content=\"https:\/\/agenciares.es\/index.php\/condiciones-de-venta\/\" \/>\n<meta property=\"og:site_name\" content=\"Agenciares - desde 2006\" \/>\n<meta property=\"article:publisher\" content=\"https:\/\/www.facebook.com\/AgenciaresSL\" \/>\n<meta property=\"article:modified_time\" content=\"2025-05-21T08:16:46+00:00\" \/>\n<meta name=\"twitter:card\" content=\"summary_large_image\" \/>\n<meta name=\"twitter:label1\" content=\"Tiempo de lectura\" \/>\n\t<meta name=\"twitter:data1\" content=\"3 minutos\" \/>\n<script type=\"application\/ld+json\" class=\"yoast-schema-graph\">{\"@context\":\"https:\/\/schema.org\",\"@graph\":[{\"@type\":\"Organization\",\"@id\":\"https:\/\/agenciares.es\/#organization\",\"name\":\"Agenciares\",\"url\":\"https:\/\/agenciares.es\/\",\"sameAs\":[\"https:\/\/www.facebook.com\/AgenciaresSL\",\"https:\/\/www.instagram.com\/agenciares\/\",\"https:\/\/www.linkedin.com\/company\/ruiz-decoletaje\/?_l=es_ES\"],\"logo\":{\"@type\":\"ImageObject\",\"@id\":\"https:\/\/agenciares.es\/#logo\",\"inLanguage\":\"es\",\"url\":\"https:\/\/agenciares.es\/wp-content\/uploads\/2020\/12\/AGENCIARES-SIN-LEMA.png\",\"contentUrl\":\"https:\/\/agenciares.es\/wp-content\/uploads\/2020\/12\/AGENCIARES-SIN-LEMA.png\",\"width\":1064,\"height\":234,\"caption\":\"Agenciares\"},\"image\":{\"@id\":\"https:\/\/agenciares.es\/#logo\"}},{\"@type\":\"WebSite\",\"@id\":\"https:\/\/agenciares.es\/#website\",\"url\":\"https:\/\/agenciares.es\/\",\"name\":\"Agenciares - desde 2006\",\"description\":\"Suministros de Griferia\",\"publisher\":{\"@id\":\"https:\/\/agenciares.es\/#organization\"},\"potentialAction\":[{\"@type\":\"SearchAction\",\"target\":{\"@type\":\"EntryPoint\",\"urlTemplate\":\"https:\/\/agenciares.es\/?s={search_term_string}\"},\"query-input\":\"required name=search_term_string\"}],\"inLanguage\":\"es\"},{\"@type\":\"WebPage\",\"@id\":\"https:\/\/agenciares.es\/index.php\/condiciones-de-venta\/#webpage\",\"url\":\"https:\/\/agenciares.es\/index.php\/condiciones-de-venta\/\",\"name\":\"Condiciones de venta - Agenciares - desde 2006\",\"isPartOf\":{\"@id\":\"https:\/\/agenciares.es\/#website\"},\"datePublished\":\"2025-05-21T07:47:49+00:00\",\"dateModified\":\"2025-05-21T08:16:46+00:00\",\"breadcrumb\":{\"@id\":\"https:\/\/agenciares.es\/index.php\/condiciones-de-venta\/#breadcrumb\"},\"inLanguage\":\"es\",\"potentialAction\":[{\"@type\":\"ReadAction\",\"target\":[\"https:\/\/agenciares.es\/index.php\/condiciones-de-venta\/\"]}]},{\"@type\":\"BreadcrumbList\",\"@id\":\"https:\/\/agenciares.es\/index.php\/condiciones-de-venta\/#breadcrumb\",\"itemListElement\":[{\"@type\":\"ListItem\",\"position\":1,\"name\":\"Home\",\"item\":\"https:\/\/agenciares.es\/\"},{\"@type\":\"ListItem\",\"position\":2,\"name\":\"Condiciones de venta\"}]}]}<\/script>\n<!-- \/ Yoast SEO plugin. -->","yoast_head_json":{"title":"Condiciones de venta - Agenciares - desde 2006","robots":{"index":"index","follow":"follow","max-snippet":"max-snippet:-1","max-image-preview":"max-image-preview:large","max-video-preview":"max-video-preview:-1"},"canonical":"https:\/\/agenciares.es\/index.php\/condiciones-de-venta\/","og_locale":"es_ES","og_type":"article","og_title":"Condiciones de venta - Agenciares - desde 2006","og_description":"Condiciones de venta 1 GENERALIDADES El env\u00edo de un pedido implica por parte del comprador la aceptaci\u00f3n de las presentes condiciones generales de venta, salvo acuerdo particular entre ambas partes mediante estipulaciones precisas indicadas en la aceptaci\u00f3n del pedido. Nuestros modelos reflejados en esta tarifa, podr\u00e1n ser modificados o eliminados sin previo aviso y sin [&hellip;]","og_url":"https:\/\/agenciares.es\/index.php\/condiciones-de-venta\/","og_site_name":"Agenciares - desde 2006","article_publisher":"https:\/\/www.facebook.com\/AgenciaresSL","article_modified_time":"2025-05-21T08:16:46+00:00","twitter_card":"summary_large_image","twitter_misc":{"Tiempo de lectura":"3 minutos"},"schema":{"@context":"https:\/\/schema.org","@graph":[{"@type":"Organization","@id":"https:\/\/agenciares.es\/#organization","name":"Agenciares","url":"https:\/\/agenciares.es\/","sameAs":["https:\/\/www.facebook.com\/AgenciaresSL","https:\/\/www.instagram.com\/agenciares\/","https:\/\/www.linkedin.com\/company\/ruiz-decoletaje\/?_l=es_ES"],"logo":{"@type":"ImageObject","@id":"https:\/\/agenciares.es\/#logo","inLanguage":"es","url":"https:\/\/agenciares.es\/wp-content\/uploads\/2020\/12\/AGENCIARES-SIN-LEMA.png","contentUrl":"https:\/\/agenciares.es\/wp-content\/uploads\/2020\/12\/AGENCIARES-SIN-LEMA.png","width":1064,"height":234,"caption":"Agenciares"},"image":{"@id":"https:\/\/agenciares.es\/#logo"}},{"@type":"WebSite","@id":"https:\/\/agenciares.es\/#website","url":"https:\/\/agenciares.es\/","name":"Agenciares - desde 2006","description":"Suministros de Griferia","publisher":{"@id":"https:\/\/agenciares.es\/#organization"},"potentialAction":[{"@type":"SearchAction","target":{"@type":"EntryPoint","urlTemplate":"https:\/\/agenciares.es\/?s={search_term_string}"},"query-input":"required name=search_term_string"}],"inLanguage":"es"},{"@type":"WebPage","@id":"https:\/\/agenciares.es\/index.php\/condiciones-de-venta\/#webpage","url":"https:\/\/agenciares.es\/index.php\/condiciones-de-venta\/","name":"Condiciones de venta - Agenciares - desde 2006","isPartOf":{"@id":"https:\/\/agenciares.es\/#website"},"datePublished":"2025-05-21T07:47:49+00:00","dateModified":"2025-05-21T08:16:46+00:00","breadcrumb":{"@id":"https:\/\/agenciares.es\/index.php\/condiciones-de-venta\/#breadcrumb"},"inLanguage":"es","potentialAction":[{"@type":"ReadAction","target":["https:\/\/agenciares.es\/index.php\/condiciones-de-venta\/"]}]},{"@type":"BreadcrumbList","@id":"https:\/\/agenciares.es\/index.php\/condiciones-de-venta\/#breadcrumb","itemListElement":[{"@type":"ListItem","position":1,"name":"Home","item":"https:\/\/agenciares.es\/"},{"@type":"ListItem","position":2,"name":"Condiciones de venta"}]}]}},"jetpack_sharing_enabled":true,"_links":{"self":[{"href":"https:\/\/agenciares.es\/index.php\/wp-json\/wp\/v2\/pages\/2685","targetHints":{"allow":["GET"]}}],"collection":[{"href":"https:\/\/agenciares.es\/index.php\/wp-json\/wp\/v2\/pages"}],"about":[{"href":"https:\/\/agenciares.es\/index.php\/wp-json\/wp\/v2\/types\/page"}],"author":[{"embeddable":true,"href":"https:\/\/agenciares.es\/index.php\/wp-json\/wp\/v2\/users\/1"}],"replies":[{"embeddable":true,"href":"https:\/\/agenciares.es\/index.php\/wp-json\/wp\/v2\/comments?post=2685"}],"version-history":[{"count":6,"href":"https:\/\/agenciares.es\/index.php\/wp-json\/wp\/v2\/pages\/2685\/revisions"}],"predecessor-version":[{"id":2692,"href":"https:\/\/agenciares.es\/index.php\/wp-json\/wp\/v2\/pages\/2685\/revisions\/2692"}],"wp:attachment":[{"href":"https:\/\/agenciares.es\/index.php\/wp-json\/wp\/v2\/media?parent=2685"}],"curies":[{"name":"wp","href":"https:\/\/api.w.org\/{rel}","templated":true}]}}