{"id":1244,"date":"2021-01-07T09:37:06","date_gmt":"2021-01-07T09:37:06","guid":{"rendered":"https:\/\/agenciares.es\/?page_id=1244"},"modified":"2025-05-12T10:02:23","modified_gmt":"2025-05-12T10:02:23","slug":"politica-de-cookies","status":"publish","type":"page","link":"https:\/\/agenciares.es\/index.php\/politica-de-cookies\/","title":{"rendered":"Pol\u00edtica de Cookies"},"content":{"rendered":"\t\t<div data-elementor-type=\"wp-page\" data-elementor-id=\"1244\" class=\"elementor elementor-1244\" data-elementor-settings=\"[]\">\n\t\t\t\t\t\t<div class=\"elementor-inner\">\n\t\t\t\t\t\t\t<div class=\"elementor-section-wrap\">\n\t\t\t\t\t\t\t<section class=\"elementor-section elementor-top-section elementor-element elementor-element-5708561d elementor-section-boxed elementor-section-height-default elementor-section-height-default\" data-id=\"5708561d\" data-element_type=\"section\" data-settings=\"{&quot;background_background&quot;:&quot;classic&quot;}\">\n\t\t\t\t\t\t\t<div class=\"elementor-background-overlay\"><\/div>\n\t\t\t\t\t\t\t<div class=\"elementor-container elementor-column-gap-default\">\n\t\t\t\t\t\t\t<div class=\"elementor-row\">\n\t\t\t\t\t<div class=\"elementor-column elementor-col-100 elementor-top-column elementor-element elementor-element-19046d47\" data-id=\"19046d47\" data-element_type=\"column\">\n\t\t\t<div class=\"elementor-column-wrap elementor-element-populated\">\n\t\t\t\t\t\t\t<div class=\"elementor-widget-wrap\">\n\t\t\t\t\t\t<div class=\"elementor-element elementor-element-34b4e090 elementor-widget elementor-widget-heading\" data-id=\"34b4e090\" data-element_type=\"widget\" data-widget_type=\"heading.default\">\n\t\t\t\t<div class=\"elementor-widget-container\">\n\t\t\t<h1 class=\"elementor-heading-title elementor-size-default\">Pol\u00edtica de Cookies<\/h1>\t\t<\/div>\n\t\t\t\t<\/div>\n\t\t\t\t<div class=\"elementor-element elementor-element-372fb716 elementor-widget-divider--view-line elementor-widget elementor-widget-divider\" data-id=\"372fb716\" data-element_type=\"widget\" data-widget_type=\"divider.default\">\n\t\t\t\t<div class=\"elementor-widget-container\">\n\t\t\t\t\t<div class=\"elementor-divider\">\n\t\t\t<span class=\"elementor-divider-separator\">\n\t\t\t\t\t\t<\/span>\n\t\t<\/div>\n\t\t\t\t<\/div>\n\t\t\t\t<\/div>\n\t\t\t\t\t\t<\/div>\n\t\t\t\t\t<\/div>\n\t\t<\/div>\n\t\t\t\t\t\t\t\t<\/div>\n\t\t\t\t\t<\/div>\n\t\t<\/section>\n\t\t\t\t<section class=\"elementor-section elementor-top-section elementor-element elementor-element-7dd836ff elementor-section-boxed elementor-section-height-default elementor-section-height-default\" data-id=\"7dd836ff\" data-element_type=\"section\">\n\t\t\t\t\t\t<div class=\"elementor-container elementor-column-gap-no\">\n\t\t\t\t\t\t\t<div class=\"elementor-row\">\n\t\t\t\t\t<div class=\"elementor-column elementor-col-100 elementor-top-column elementor-element elementor-element-557f826e\" data-id=\"557f826e\" data-element_type=\"column\">\n\t\t\t<div class=\"elementor-column-wrap elementor-element-populated\">\n\t\t\t\t\t\t\t<div class=\"elementor-widget-wrap\">\n\t\t\t\t\t\t<section class=\"elementor-section elementor-inner-section elementor-element elementor-element-4975a71c elementor-section-boxed elementor-section-height-default elementor-section-height-default\" data-id=\"4975a71c\" data-element_type=\"section\">\n\t\t\t\t\t\t<div class=\"elementor-container elementor-column-gap-default\">\n\t\t\t\t\t\t\t<div class=\"elementor-row\">\n\t\t\t\t\t<div class=\"elementor-column elementor-col-100 elementor-inner-column elementor-element elementor-element-6742ceb9\" data-id=\"6742ceb9\" data-element_type=\"column\">\n\t\t\t<div class=\"elementor-column-wrap elementor-element-populated\">\n\t\t\t\t\t\t\t<div class=\"elementor-widget-wrap\">\n\t\t\t\t\t\t<div class=\"elementor-element elementor-element-4a812de1 elementor-widget elementor-widget-text-editor\" data-id=\"4a812de1\" data-element_type=\"widget\" data-widget_type=\"text-editor.default\">\n\t\t\t\t<div class=\"elementor-widget-container\">\n\t\t\t\t\t\t\t\t<div class=\"elementor-text-editor elementor-clearfix\">\n\t\t\t\t\t<p>1. Pol\u00edtica de Cookies: NORMATIVA APLICABLE<\/p><p>Pol\u00edtica de Cookies: El apartado segundo del art\u00edculo 22 de la Ley 34\/2002, de 11 de julio, de Servicios de la Sociedad de la Informaci\u00f3n y de Comercio Electr\u00f3nico (en adelante, LSSI-CE), establece lo siguiente:<\/p><p><br><\/p><p>Los prestadores de servicios podr\u00e1n utilizar dispositivos de almacenamiento y recuperaci\u00f3n de datos en equipos terminales de los destinatarios, a condici\u00f3n de que los mismos hayan dado su consentimiento despu\u00e9s de que se les haya facilitado informaci\u00f3n clara y completa sobre su utilizaci\u00f3n, en particular, sobre los fines del tratamiento de los datos, con arreglo a lo dispuesto en la Ley Org\u00e1nica 15\/1999, de 13 de diciembre, de Protecci\u00f3n de Datos de Car\u00e1cter Personal.<\/p><p><br><\/p><p>Cuando sea t\u00e9cnicamente posible y eficaz, el consentimiento del destinatario para aceptar el tratamiento de los datos podr\u00e1 facilitarse mediante el uso de los par\u00e1metros adecuados del navegador o de otras aplicaciones, siempre que aqu\u00e9l deba proceder a su configuraci\u00f3n durante su instalaci\u00f3n o actualizaci\u00f3n mediante una acci\u00f3n expresa a tal efecto.<\/p><p><br><\/p><p>Lo anterior no impedir\u00e1 el posible almacenamiento o acceso de \u00edndole t\u00e9cnica al solo fin de efectuar la transmisi\u00f3n de una comunicaci\u00f3n por una red de comunicaciones electr\u00f3nicas o, en la medida que resulte estrictamente necesario, para la prestaci\u00f3n de un servicio de la sociedad de la informaci\u00f3n expresamente solicitado por el destinatario.<\/p><p><br><\/p><p>Seg\u00fan recoge la \u201cGu\u00eda sobre el uso de las cookies\u201d, publicada por la Agencia Espa\u00f1ola de Protecci\u00f3n de Datos (en adelante, AEPD) en el a\u00f1o 2013, la LSSI-CE es aplicable a cualquier tipo de archivo o dispositivo que se descarga en el equipo terminal de un usuario con la finalidad de almacenar datos que podr\u00e1n ser actualizados y recuperados por la entidad responsable de su instalaci\u00f3n. La cookie es uno de esos dispositivos de uso generalizado por lo que, en adelante, denominaremos gen\u00e9ricamente estos dispositivos como cookies. Quedan exceptuadas del cumplimiento de las obligaciones establecidas en el art\u00edculo 22.2 de la LSSI-CE las cookies utilizadas para alguna de las siguientes finalidades:<\/p><p><br><\/p><p>Permitir \u00fanicamente la comunicaci\u00f3n entre el equipo del usuario y la red.<\/p><p>Estrictamente prestar un servicio expresamente solicitado por el usuario.<\/p><p>2. TIPOS DE COOKIES Y SU FINALIDAD<\/p><p>Una cookie es un fichero que se descarga en su ordenador, las cuales permiten a una p\u00e1gina web, entre otras cosas, almacenar y recuperar informaci\u00f3n sobre los h\u00e1bitos de navegaci\u00f3n de un usuario o de su equipo y, dependiendo de la informaci\u00f3n que contengan y de la forma en que utilice su ordenador, pueden utilizarse para reconocer al usuario.<\/p><p><br><\/p><p>Tal como recoge la \u201cGu\u00eda sobre el uso de las cookies\u201d de la Agencia Espa\u00f1ola de Protecci\u00f3n de Datos, seg\u00fan la finalidad para la que se traten los datos obtenidos a trav\u00e9s de las cookies, existen diferentes tipos:<\/p><p><br><\/p><p>Cookies t\u00e9cnicas: Son aqu\u00e9llas que permiten al usuario la navegaci\u00f3n a trav\u00e9s de una p\u00e1gina web, plataforma o aplicaci\u00f3n y la utilizaci\u00f3n de las diferentes opciones o servicios que en ella existan como, por ejemplo, controlar el tr\u00e1fico y la comunicaci\u00f3n de datos, identificar la sesi\u00f3n, acceder a partes de acceso restringido, recordar los elementos que integran un pedido, realizar el proceso de compra de un pedido, realizar la solicitud de inscripci\u00f3n o participaci\u00f3n en un evento, utilizar elementos de seguridad durante la navegaci\u00f3n, almacenar contenidos para la difusi\u00f3n de videos o sonido o compartir contenidos a trav\u00e9s de redes sociales.<\/p><p><br><\/p><p>Cookies de personalizaci\u00f3n: Son aqu\u00e9llas que permiten al usuario acceder al servicio con algunas caracter\u00edsticas de car\u00e1cter general predefinidas en funci\u00f3n de una serie de criterios en el terminal del usuario como por ejemplo serian el idioma, el tipo de navegador a trav\u00e9s del cual accede al servicio, la configuraci\u00f3n regional desde donde accede al servicio, etc.<\/p><p><br><\/p><p>Cookies de an\u00e1lisis: Son aqu\u00e9llas que permiten al responsable de las mismas, el seguimiento y an\u00e1lisis del comportamiento de los usuarios de los sitios web a los que est\u00e1n vinculadas. La informaci\u00f3n recogida mediante este tipo de cookies se utiliza en la medici\u00f3n de la actividad de los sitios web, aplicaci\u00f3n o plataforma y para la elaboraci\u00f3n de perfiles de navegaci\u00f3n de los usuarios de dichos sitios, aplicaciones y plataformas, con el fin de introducir mejoras en funci\u00f3n del an\u00e1lisis de los datos de uso que hacen los usuarios del servicio.<\/p><p><br><\/p><p>Cookies publicitarias: Son aqu\u00e9llas que permiten la gesti\u00f3n, de la forma m\u00e1s eficaz posible, de los espacios publicitarios que, en su caso, el editor haya incluido en una p\u00e1gina web, aplicaci\u00f3n o plataforma desde la que presta el servicio solicitado en base a criterios como el contenido editado o la frecuencia en la que se muestran los anuncios.<\/p><p><br><\/p><p>Cookies de publicidad comportamental: Son aqu\u00e9llas que permiten la gesti\u00f3n, de la forma m\u00e1s eficaz posible, de los espacios publicitarios que, en su caso, el editor haya incluido en una p\u00e1gina web, aplicaci\u00f3n o plataforma desde la que presta el servicio solicitado. Estas cookies almacenan informaci\u00f3n del comportamiento de los usuarios obtenida a trav\u00e9s de la observaci\u00f3n continuada de sus h\u00e1bitos de navegaci\u00f3n, lo que permite desarrollar un perfil espec\u00edfico para mostrar publicidad en funci\u00f3n del mismo.<\/p><p><br><\/p><p>3. PRINCIPIO DE INFORMACI\u00d3N<\/p><p>La informaci\u00f3n que se obtenga a trav\u00e9s de las cookies que se instalen en su ordenador, ser\u00e1 utilizada con las siguientes finalidades:<\/p><p><br><\/p><p>Los destinatarios de la informaci\u00f3n que se obtenga a trav\u00e9s de las cookies que se instalen en su ordenador ser\u00e1n las siguientes entidades:<\/p><p><br><\/p><p>Nuestra entidad como editor responsable de la web y responsable del tratamiento.<\/p><p>Las entidades siguientes, directamente relacionadas con nuestra entidad (si es el caso):<\/p><p>Google LLC<\/p><p>4. PRINCIPIO DEL CONSENTIMIENTO<\/p><p>Su consentimiento para la instalaci\u00f3n de cookies se realiza marcando la casilla \u201cACEPTO\u201d incluida en nuestra ventana emergente y la informaci\u00f3n ampliada sobre las Cookies se muestra en esta Pol\u00edtica de cookies.<\/p><p><br><\/p><p>5.&nbsp; INSTALACI\u00d3N DE COOKIES<\/p><p>Si bien la aceptaci\u00f3n de la instalaci\u00f3n de las cookies en su ordenador es decisi\u00f3n suya, la negativa a su instalaci\u00f3n puede suponer que la funcionalidad de la p\u00e1gina web quede limitada o no sea posible, lo cual imposibilitar\u00eda la prestaci\u00f3n de servicios por parte de nuestra entidad a trav\u00e9s de la misma.<\/p><p><br><\/p><p>6.&nbsp; DESACTIVACI\u00d3N DE COOKIES<\/p><p>Usted puede en cualquier momento bloquear, desactivar o cambiar la configuraci\u00f3n de las cookies instaladas en su ordenador. Para ello le facilitamos el modo de hacerlo en los principales navegadores:<\/p><p><br><\/p><p>CHROME: https:\/\/support.google.com\/chrome\/answer\/95647?hl=es<\/p><p>EXPLORER: http:\/\/windows.microsoft.com\/es-es\/windows-vista\/Block-or-allow-cookies<\/p><p>FIREFOX: http:\/\/support.mozilla.org\/es\/kb\/habilitar-y-deshabilitar-cookies-que-los-sitios-we<\/p><p>SAFARI: http:\/\/www.apple.com\/es\/privacy\/use-of-cookies\/<\/p><p>As\u00ed como las cookies a terceros Google AdWords:<\/p><p><br><\/p><p>http:\/\/www.google.es\/intl\/es\/policies\/technologies\/cookies\/<\/p><p><br><\/p><p>Nacho Ferrer no se hace responsable del contenido y veracidad de las pol\u00edticas de cookies de los terceros.<\/p><p><br><\/p><p>7.&nbsp; SEGURIDAD DE SUS DATOS<\/p><p>Protegeremos sus datos con medidas de seguridad eficaces en funci\u00f3n de los riesgos que conlleve el uso de su informaci\u00f3n.<\/p><p><br><\/p><p>Para ello, nuestra entidad ha aprobado una Pol\u00edtica de Protecci\u00f3n de Datos y se realizan controles y auditor\u00edas anuales para verificar que sus datos personales est\u00e1n seguros en todo momento.<\/p><p><br><\/p><p>8.&nbsp; \u00bfD\u00d3NDE PUEDE FORMULAR UNA RECLAMACI\u00d3N?<\/p><p>Sabe que en nuestra entidad contamos con un delegado de protecci\u00f3n de datos al cual puede enviar todas sus reclamaciones, dudas y sugerencias sobre el uso de su informaci\u00f3n personal?<\/p><p><br><\/p><p>Nuestro delegado de protecci\u00f3n de datos se llama Nacho Ferrer y \u00e9stos son sus datos de contacto:<\/p><p><br><\/p><p>Direcci\u00f3n de correo electr\u00f3nico de contacto: info@nachoferrer.es<\/p><p>P\u00e1gina web: http:\/\/www.agenciares.es\/<\/p><p>En caso de que entienda que sus derechos han sido desatendidos por nuestra entidad, puede formular una reclamaci\u00f3n en la Agencia Espa\u00f1ola de Protecci\u00f3n de Datos, a trav\u00e9s de alguno de los medios siguientes:<\/p><p><br><\/p><p>&nbsp;<\/p><p><br><\/p><p>Sede electr\u00f3nica: www.agpd.es<\/p><p>Direcci\u00f3n postal:<\/p><p>Agencia Espa\u00f1ola de Protecci\u00f3n de Datos C\/ Jorge Juan, 6 28001-Madrid<\/p><p>&nbsp;<\/p><p><br><\/p><p>Formular una reclamaci\u00f3n en la Agencia Espa\u00f1ola de Protecci\u00f3n de Datos no conlleva ning\u00fan coste y no es necesaria la asistencia de abogado ni procurador.<\/p>\t\t\t\t\t<\/div>\n\t\t\t\t\t\t<\/div>\n\t\t\t\t<\/div>\n\t\t\t\t\t\t<\/div>\n\t\t\t\t\t<\/div>\n\t\t<\/div>\n\t\t\t\t\t\t\t\t<\/div>\n\t\t\t\t\t<\/div>\n\t\t<\/section>\n\t\t\t\t\t\t<\/div>\n\t\t\t\t\t<\/div>\n\t\t<\/div>\n\t\t\t\t\t\t\t\t<\/div>\n\t\t\t\t\t<\/div>\n\t\t<\/section>\n\t\t\t\t<section class=\"elementor-section elementor-top-section elementor-element elementor-element-4ff0721c elementor-section-content-middle elementor-section-boxed elementor-section-height-default elementor-section-height-default\" data-id=\"4ff0721c\" data-element_type=\"section\" data-settings=\"{&quot;background_background&quot;:&quot;classic&quot;}\">\n\t\t\t\t\t\t<div class=\"elementor-container elementor-column-gap-default\">\n\t\t\t\t\t\t\t<div class=\"elementor-row\">\n\t\t\t\t\t<div class=\"elementor-column elementor-col-100 elementor-top-column elementor-element elementor-element-5ce563e6\" data-id=\"5ce563e6\" data-element_type=\"column\">\n\t\t\t<div class=\"elementor-column-wrap elementor-element-populated\">\n\t\t\t\t\t\t\t<div class=\"elementor-widget-wrap\">\n\t\t\t\t\t\t<div class=\"elementor-element elementor-element-06e8803 e-grid-align-tablet-center e-grid-align-mobile-center elementor-shape-rounded elementor-grid-0 e-grid-align-center elementor-widget elementor-widget-social-icons\" data-id=\"06e8803\" data-element_type=\"widget\" data-widget_type=\"social-icons.default\">\n\t\t\t\t<div class=\"elementor-widget-container\">\n\t\t\t\t\t<div class=\"elementor-social-icons-wrapper elementor-grid\">\n\t\t\t\t\t\t\t<span class=\"elementor-grid-item\">\n\t\t\t\t\t<a class=\"elementor-icon elementor-social-icon elementor-social-icon-facebook-f elementor-repeater-item-hm3y18b\" href=\"https:\/\/www.facebook.com\/AgenciaresSL\" target=\"_blank\">\n\t\t\t\t\t\t<span class=\"elementor-screen-only\">Facebook-f<\/span>\n\t\t\t\t\t\t<i class=\"fab fa-facebook-f\"><\/i>\t\t\t\t\t<\/a>\n\t\t\t\t<\/span>\n\t\t\t\t\t\t\t<span class=\"elementor-grid-item\">\n\t\t\t\t\t<a class=\"elementor-icon elementor-social-icon elementor-social-icon-twitter elementor-repeater-item-jng31iy\" href=\"https:\/\/x.com\/agenciares\" target=\"_blank\">\n\t\t\t\t\t\t<span class=\"elementor-screen-only\">Twitter<\/span>\n\t\t\t\t\t\t<i class=\"fab fa-twitter\"><\/i>\t\t\t\t\t<\/a>\n\t\t\t\t<\/span>\n\t\t\t\t\t\t\t<span class=\"elementor-grid-item\">\n\t\t\t\t\t<a class=\"elementor-icon elementor-social-icon elementor-social-icon-linkedin elementor-repeater-item-xm4f58e\" href=\"https:\/\/www.linkedin.com\/company\/ruiz-decoletaje\/?_l=es_ES\" target=\"_blank\">\n\t\t\t\t\t\t<span class=\"elementor-screen-only\">Linkedin<\/span>\n\t\t\t\t\t\t<i class=\"fab fa-linkedin\"><\/i>\t\t\t\t\t<\/a>\n\t\t\t\t<\/span>\n\t\t\t\t\t\t\t<span class=\"elementor-grid-item\">\n\t\t\t\t\t<a class=\"elementor-icon elementor-social-icon elementor-social-icon-instagram elementor-repeater-item-ec96a1c\" href=\"https:\/\/www.instagram.com\/agenciares\/\" target=\"_blank\">\n\t\t\t\t\t\t<span class=\"elementor-screen-only\">Instagram<\/span>\n\t\t\t\t\t\t<i class=\"fab fa-instagram\"><\/i>\t\t\t\t\t<\/a>\n\t\t\t\t<\/span>\n\t\t\t\t\t<\/div>\n\t\t\t\t<\/div>\n\t\t\t\t<\/div>\n\t\t\t\t\t\t<\/div>\n\t\t\t\t\t<\/div>\n\t\t<\/div>\n\t\t\t\t\t\t\t\t<\/div>\n\t\t\t\t\t<\/div>\n\t\t<\/section>\n\t\t\t\t<section class=\"elementor-section elementor-top-section elementor-element elementor-element-8f3336e elementor-section-boxed elementor-section-height-default elementor-section-height-default\" data-id=\"8f3336e\" data-element_type=\"section\">\n\t\t\t\t\t\t<div class=\"elementor-container elementor-column-gap-default\">\n\t\t\t\t\t\t\t<div class=\"elementor-row\">\n\t\t\t\t\t<div class=\"elementor-column elementor-col-100 elementor-top-column elementor-element elementor-element-d70a80f\" data-id=\"d70a80f\" data-element_type=\"column\">\n\t\t\t<div class=\"elementor-column-wrap\">\n\t\t\t\t\t\t\t<div class=\"elementor-widget-wrap\">\n\t\t\t\t\t\t\t\t<\/div>\n\t\t\t\t\t<\/div>\n\t\t<\/div>\n\t\t\t\t\t\t\t\t<\/div>\n\t\t\t\t\t<\/div>\n\t\t<\/section>\n\t\t\t\t\t\t<\/div>\n\t\t\t\t\t\t<\/div>\n\t\t\t\t\t<\/div>\n\t\t","protected":false},"excerpt":{"rendered":"<p>Pol\u00edtica de Cookies 1. Pol\u00edtica de Cookies: NORMATIVA APLICABLE Pol\u00edtica de Cookies: El apartado segundo del art\u00edculo 22 de la Ley 34\/2002, de 11 de julio, de Servicios de la Sociedad de la Informaci\u00f3n y de Comercio Electr\u00f3nico (en adelante, LSSI-CE), establece lo siguiente: Los prestadores de servicios podr\u00e1n utilizar dispositivos de almacenamiento y recuperaci\u00f3n [&hellip;]<\/p>\n","protected":false},"author":1,"featured_media":0,"parent":0,"menu_order":0,"comment_status":"closed","ping_status":"closed","template":"","meta":{"footnotes":""},"class_list":["post-1244","page","type-page","status-publish","hentry"],"yoast_head":"<!-- This site is optimized with the Yoast SEO plugin v16.7 - https:\/\/yoast.com\/wordpress\/plugins\/seo\/ -->\n<title>Pol\u00edtica de Cookies - Agenciares - desde 2006<\/title>\n<meta name=\"robots\" content=\"index, follow, max-snippet:-1, max-image-preview:large, max-video-preview:-1\" \/>\n<link rel=\"canonical\" href=\"https:\/\/agenciares.es\/index.php\/politica-de-cookies\/\" \/>\n<meta property=\"og:locale\" content=\"es_ES\" \/>\n<meta property=\"og:type\" content=\"article\" \/>\n<meta property=\"og:title\" content=\"Pol\u00edtica de Cookies - Agenciares - desde 2006\" \/>\n<meta property=\"og:description\" content=\"Pol\u00edtica de Cookies 1. Pol\u00edtica de Cookies: NORMATIVA APLICABLE Pol\u00edtica de Cookies: El apartado segundo del art\u00edculo 22 de la Ley 34\/2002, de 11 de julio, de Servicios de la Sociedad de la Informaci\u00f3n y de Comercio Electr\u00f3nico (en adelante, LSSI-CE), establece lo siguiente: Los prestadores de servicios podr\u00e1n utilizar dispositivos de almacenamiento y recuperaci\u00f3n [&hellip;]\" \/>\n<meta property=\"og:url\" content=\"https:\/\/agenciares.es\/index.php\/politica-de-cookies\/\" \/>\n<meta property=\"og:site_name\" content=\"Agenciares - desde 2006\" \/>\n<meta property=\"article:publisher\" content=\"https:\/\/www.facebook.com\/AgenciaresSL\" \/>\n<meta property=\"article:modified_time\" content=\"2025-05-12T10:02:23+00:00\" \/>\n<meta name=\"twitter:card\" content=\"summary_large_image\" \/>\n<meta name=\"twitter:label1\" content=\"Tiempo de lectura\" \/>\n\t<meta name=\"twitter:data1\" content=\"6 minutos\" \/>\n<script type=\"application\/ld+json\" class=\"yoast-schema-graph\">{\"@context\":\"https:\/\/schema.org\",\"@graph\":[{\"@type\":\"Organization\",\"@id\":\"https:\/\/agenciares.es\/#organization\",\"name\":\"Agenciares\",\"url\":\"https:\/\/agenciares.es\/\",\"sameAs\":[\"https:\/\/www.facebook.com\/AgenciaresSL\",\"https:\/\/www.instagram.com\/agenciares\/\",\"https:\/\/www.linkedin.com\/company\/ruiz-decoletaje\/?_l=es_ES\"],\"logo\":{\"@type\":\"ImageObject\",\"@id\":\"https:\/\/agenciares.es\/#logo\",\"inLanguage\":\"es\",\"url\":\"https:\/\/agenciares.es\/wp-content\/uploads\/2020\/12\/AGENCIARES-SIN-LEMA.png\",\"contentUrl\":\"https:\/\/agenciares.es\/wp-content\/uploads\/2020\/12\/AGENCIARES-SIN-LEMA.png\",\"width\":1064,\"height\":234,\"caption\":\"Agenciares\"},\"image\":{\"@id\":\"https:\/\/agenciares.es\/#logo\"}},{\"@type\":\"WebSite\",\"@id\":\"https:\/\/agenciares.es\/#website\",\"url\":\"https:\/\/agenciares.es\/\",\"name\":\"Agenciares - desde 2006\",\"description\":\"Suministros de Griferia\",\"publisher\":{\"@id\":\"https:\/\/agenciares.es\/#organization\"},\"potentialAction\":[{\"@type\":\"SearchAction\",\"target\":{\"@type\":\"EntryPoint\",\"urlTemplate\":\"https:\/\/agenciares.es\/?s={search_term_string}\"},\"query-input\":\"required name=search_term_string\"}],\"inLanguage\":\"es\"},{\"@type\":\"WebPage\",\"@id\":\"https:\/\/agenciares.es\/index.php\/politica-de-cookies\/#webpage\",\"url\":\"https:\/\/agenciares.es\/index.php\/politica-de-cookies\/\",\"name\":\"Pol\\u00edtica de Cookies - Agenciares - desde 2006\",\"isPartOf\":{\"@id\":\"https:\/\/agenciares.es\/#website\"},\"datePublished\":\"2021-01-07T09:37:06+00:00\",\"dateModified\":\"2025-05-12T10:02:23+00:00\",\"breadcrumb\":{\"@id\":\"https:\/\/agenciares.es\/index.php\/politica-de-cookies\/#breadcrumb\"},\"inLanguage\":\"es\",\"potentialAction\":[{\"@type\":\"ReadAction\",\"target\":[\"https:\/\/agenciares.es\/index.php\/politica-de-cookies\/\"]}]},{\"@type\":\"BreadcrumbList\",\"@id\":\"https:\/\/agenciares.es\/index.php\/politica-de-cookies\/#breadcrumb\",\"itemListElement\":[{\"@type\":\"ListItem\",\"position\":1,\"name\":\"Home\",\"item\":\"https:\/\/agenciares.es\/\"},{\"@type\":\"ListItem\",\"position\":2,\"name\":\"Pol\\u00edtica de Cookies\"}]}]}<\/script>\n<!-- \/ Yoast SEO plugin. -->","yoast_head_json":{"title":"Pol\u00edtica de Cookies - Agenciares - desde 2006","robots":{"index":"index","follow":"follow","max-snippet":"max-snippet:-1","max-image-preview":"max-image-preview:large","max-video-preview":"max-video-preview:-1"},"canonical":"https:\/\/agenciares.es\/index.php\/politica-de-cookies\/","og_locale":"es_ES","og_type":"article","og_title":"Pol\u00edtica de Cookies - Agenciares - desde 2006","og_description":"Pol\u00edtica de Cookies 1. Pol\u00edtica de Cookies: NORMATIVA APLICABLE Pol\u00edtica de Cookies: El apartado segundo del art\u00edculo 22 de la Ley 34\/2002, de 11 de julio, de Servicios de la Sociedad de la Informaci\u00f3n y de Comercio Electr\u00f3nico (en adelante, LSSI-CE), establece lo siguiente: Los prestadores de servicios podr\u00e1n utilizar dispositivos de almacenamiento y recuperaci\u00f3n [&hellip;]","og_url":"https:\/\/agenciares.es\/index.php\/politica-de-cookies\/","og_site_name":"Agenciares - desde 2006","article_publisher":"https:\/\/www.facebook.com\/AgenciaresSL","article_modified_time":"2025-05-12T10:02:23+00:00","twitter_card":"summary_large_image","twitter_misc":{"Tiempo de lectura":"6 minutos"},"schema":{"@context":"https:\/\/schema.org","@graph":[{"@type":"Organization","@id":"https:\/\/agenciares.es\/#organization","name":"Agenciares","url":"https:\/\/agenciares.es\/","sameAs":["https:\/\/www.facebook.com\/AgenciaresSL","https:\/\/www.instagram.com\/agenciares\/","https:\/\/www.linkedin.com\/company\/ruiz-decoletaje\/?_l=es_ES"],"logo":{"@type":"ImageObject","@id":"https:\/\/agenciares.es\/#logo","inLanguage":"es","url":"https:\/\/agenciares.es\/wp-content\/uploads\/2020\/12\/AGENCIARES-SIN-LEMA.png","contentUrl":"https:\/\/agenciares.es\/wp-content\/uploads\/2020\/12\/AGENCIARES-SIN-LEMA.png","width":1064,"height":234,"caption":"Agenciares"},"image":{"@id":"https:\/\/agenciares.es\/#logo"}},{"@type":"WebSite","@id":"https:\/\/agenciares.es\/#website","url":"https:\/\/agenciares.es\/","name":"Agenciares - desde 2006","description":"Suministros de Griferia","publisher":{"@id":"https:\/\/agenciares.es\/#organization"},"potentialAction":[{"@type":"SearchAction","target":{"@type":"EntryPoint","urlTemplate":"https:\/\/agenciares.es\/?s={search_term_string}"},"query-input":"required name=search_term_string"}],"inLanguage":"es"},{"@type":"WebPage","@id":"https:\/\/agenciares.es\/index.php\/politica-de-cookies\/#webpage","url":"https:\/\/agenciares.es\/index.php\/politica-de-cookies\/","name":"Pol\u00edtica de Cookies - Agenciares - desde 2006","isPartOf":{"@id":"https:\/\/agenciares.es\/#website"},"datePublished":"2021-01-07T09:37:06+00:00","dateModified":"2025-05-12T10:02:23+00:00","breadcrumb":{"@id":"https:\/\/agenciares.es\/index.php\/politica-de-cookies\/#breadcrumb"},"inLanguage":"es","potentialAction":[{"@type":"ReadAction","target":["https:\/\/agenciares.es\/index.php\/politica-de-cookies\/"]}]},{"@type":"BreadcrumbList","@id":"https:\/\/agenciares.es\/index.php\/politica-de-cookies\/#breadcrumb","itemListElement":[{"@type":"ListItem","position":1,"name":"Home","item":"https:\/\/agenciares.es\/"},{"@type":"ListItem","position":2,"name":"Pol\u00edtica de Cookies"}]}]}},"jetpack_sharing_enabled":true,"_links":{"self":[{"href":"https:\/\/agenciares.es\/index.php\/wp-json\/wp\/v2\/pages\/1244","targetHints":{"allow":["GET"]}}],"collection":[{"href":"https:\/\/agenciares.es\/index.php\/wp-json\/wp\/v2\/pages"}],"about":[{"href":"https:\/\/agenciares.es\/index.php\/wp-json\/wp\/v2\/types\/page"}],"author":[{"embeddable":true,"href":"https:\/\/agenciares.es\/index.php\/wp-json\/wp\/v2\/users\/1"}],"replies":[{"embeddable":true,"href":"https:\/\/agenciares.es\/index.php\/wp-json\/wp\/v2\/comments?post=1244"}],"version-history":[{"count":8,"href":"https:\/\/agenciares.es\/index.php\/wp-json\/wp\/v2\/pages\/1244\/revisions"}],"predecessor-version":[{"id":1818,"href":"https:\/\/agenciares.es\/index.php\/wp-json\/wp\/v2\/pages\/1244\/revisions\/1818"}],"wp:attachment":[{"href":"https:\/\/agenciares.es\/index.php\/wp-json\/wp\/v2\/media?parent=1244"}],"curies":[{"name":"wp","href":"https:\/\/api.w.org\/{rel}","templated":true}]}}