{"id":1239,"date":"2021-01-07T09:33:05","date_gmt":"2021-01-07T09:33:05","guid":{"rendered":"https:\/\/agenciares.es\/?page_id=1239"},"modified":"2025-05-12T10:03:07","modified_gmt":"2025-05-12T10:03:07","slug":"politica-de-privacidad","status":"publish","type":"page","link":"https:\/\/agenciares.es\/index.php\/politica-de-privacidad\/","title":{"rendered":"Pol\u00edtica de Privacidad"},"content":{"rendered":"\t\t<div data-elementor-type=\"wp-page\" data-elementor-id=\"1239\" class=\"elementor elementor-1239\" data-elementor-settings=\"[]\">\n\t\t\t\t\t\t<div class=\"elementor-inner\">\n\t\t\t\t\t\t\t<div class=\"elementor-section-wrap\">\n\t\t\t\t\t\t\t<section class=\"elementor-section elementor-top-section elementor-element elementor-element-5c88c799 elementor-section-boxed elementor-section-height-default elementor-section-height-default\" data-id=\"5c88c799\" data-element_type=\"section\" data-settings=\"{&quot;background_background&quot;:&quot;classic&quot;}\">\n\t\t\t\t\t\t\t<div class=\"elementor-background-overlay\"><\/div>\n\t\t\t\t\t\t\t<div class=\"elementor-container elementor-column-gap-default\">\n\t\t\t\t\t\t\t<div class=\"elementor-row\">\n\t\t\t\t\t<div class=\"elementor-column elementor-col-100 elementor-top-column elementor-element elementor-element-20e170ba\" data-id=\"20e170ba\" data-element_type=\"column\">\n\t\t\t<div class=\"elementor-column-wrap elementor-element-populated\">\n\t\t\t\t\t\t\t<div class=\"elementor-widget-wrap\">\n\t\t\t\t\t\t<div class=\"elementor-element elementor-element-67548f08 elementor-widget elementor-widget-heading\" data-id=\"67548f08\" data-element_type=\"widget\" data-widget_type=\"heading.default\">\n\t\t\t\t<div class=\"elementor-widget-container\">\n\t\t\t<h1 class=\"elementor-heading-title elementor-size-default\">Pol\u00edtica de Privacidad<\/h1>\t\t<\/div>\n\t\t\t\t<\/div>\n\t\t\t\t<div class=\"elementor-element elementor-element-123514c4 elementor-widget-divider--view-line elementor-widget elementor-widget-divider\" data-id=\"123514c4\" data-element_type=\"widget\" data-widget_type=\"divider.default\">\n\t\t\t\t<div class=\"elementor-widget-container\">\n\t\t\t\t\t<div class=\"elementor-divider\">\n\t\t\t<span class=\"elementor-divider-separator\">\n\t\t\t\t\t\t<\/span>\n\t\t<\/div>\n\t\t\t\t<\/div>\n\t\t\t\t<\/div>\n\t\t\t\t\t\t<\/div>\n\t\t\t\t\t<\/div>\n\t\t<\/div>\n\t\t\t\t\t\t\t\t<\/div>\n\t\t\t\t\t<\/div>\n\t\t<\/section>\n\t\t\t\t<section class=\"elementor-section elementor-top-section elementor-element elementor-element-2d2e06a4 elementor-section-boxed elementor-section-height-default elementor-section-height-default\" data-id=\"2d2e06a4\" data-element_type=\"section\">\n\t\t\t\t\t\t<div class=\"elementor-container elementor-column-gap-no\">\n\t\t\t\t\t\t\t<div class=\"elementor-row\">\n\t\t\t\t\t<div class=\"elementor-column elementor-col-100 elementor-top-column elementor-element elementor-element-6e15e9c2\" data-id=\"6e15e9c2\" data-element_type=\"column\">\n\t\t\t<div class=\"elementor-column-wrap elementor-element-populated\">\n\t\t\t\t\t\t\t<div class=\"elementor-widget-wrap\">\n\t\t\t\t\t\t<section class=\"elementor-section elementor-inner-section elementor-element elementor-element-396750e7 elementor-section-boxed elementor-section-height-default elementor-section-height-default\" data-id=\"396750e7\" data-element_type=\"section\">\n\t\t\t\t\t\t<div class=\"elementor-container elementor-column-gap-default\">\n\t\t\t\t\t\t\t<div class=\"elementor-row\">\n\t\t\t\t\t<div class=\"elementor-column elementor-col-100 elementor-inner-column elementor-element elementor-element-610ba14d\" data-id=\"610ba14d\" data-element_type=\"column\">\n\t\t\t<div class=\"elementor-column-wrap elementor-element-populated\">\n\t\t\t\t\t\t\t<div class=\"elementor-widget-wrap\">\n\t\t\t\t\t\t<div class=\"elementor-element elementor-element-5f817fdd elementor-widget elementor-widget-text-editor\" data-id=\"5f817fdd\" data-element_type=\"widget\" data-widget_type=\"text-editor.default\">\n\t\t\t\t<div class=\"elementor-widget-container\">\n\t\t\t\t\t\t\t\t<div class=\"elementor-text-editor elementor-clearfix\">\n\t\t\t\t\t<p>I. INFORMACI\u00d3N EN CUMPLIMIENTO DE LO ESTABLECIDO EN LA LEY 34\/2002, DE 11 DE JULIO, DE SERVICIOS DE LA SOCIEDAD DE LA INFORMACI\u00d3N Y DE COMERCIO ELECTR\u00d3NICO.<\/p><p>En cumplimiento de lo establecido en el art\u00edculo 10 de la Ley 34\/2002, de 11 de julio, de Servicios de la Sociedad de la Informaci\u00f3n y de Comercio Electr\u00f3nico (en adelante, LSSI-CE), se informa de modo expreso, preciso e inequ\u00edvoco, tanto a los destinatarios del servicio como a los \u00f3rganos competentes, de los siguientes aspectos relativos al prestador de servicios de la sociedad de la informaci\u00f3n:<\/p><p><br><\/p><p>&nbsp;<\/p><p><br><\/p><p>DENOMINACION SOCIAL: Nacho Ferrer<\/p><p>ACTIVIDAD: xxxxxxxxxxxxxx<\/p><p>DIRECCION:xxxxxxxxxxxx (Valencia) Espa\u00f1a.<\/p><p>EMAIL: info@xxxxxxxxxxxxxxxxx<\/p><p>WEB: https:\/\/www.agenciares.es\/<\/p><p>&nbsp;<\/p><p><br><\/p><p>II. INFORMACI\u00d3N EN CUMPLIMIENTO DE LA NORMATIVA DE PROTECCI\u00d3N DE DATOS PERSONALES<\/p><p>En Europa y en Espa\u00f1a existen normas de protecci\u00f3n de datos pensadas para proteger su informaci\u00f3n personal de obligado cumplimiento para nuestra entidad.<\/p><p><br><\/p><p>Por ello, es muy importante para nosotros que entienda perfectamente qu\u00e9 vamos a hacer con los datos personales que le pedimos.<\/p><p><br><\/p><p>As\u00ed, seremos transparentes y le daremos el control de sus datos, con un lenguaje sencillo y opciones claras que le permitir\u00e1n decidir qu\u00e9 haremos con su informaci\u00f3n personal.<\/p><p><br><\/p><p>Por favor, si una vez le\u00edda la presente informaci\u00f3n le queda alguna duda, no dude en preguntarnos.<\/p><p><br><\/p><p>Muchas gracias por su colaboraci\u00f3n.<\/p><p><br><\/p><p>1. Contacte con nuestro delegado de protecci\u00f3n de datos<\/p><p>\u00bfSabe que en nuestra entidad contamos con un delegado de protecci\u00f3n de datos al cual puede enviar todas sus reclamaciones, dudas y sugerencias sobre el uso de su informaci\u00f3n personal?<\/p><p><br><\/p><p>Nuestro delegado de protecci\u00f3n de datos se llama Nacho Ferrer y \u00e9stos son sus datos de contacto:<\/p><p><br><\/p><p>Direcci\u00f3n de correo electr\u00f3nico de contacto: info@agenciares.es<\/p><p>2. \u00bfPara qu\u00e9 vamos a usar sus datos?<\/p><p>Con car\u00e1cter general, sus datos personales ser\u00e1n usados para poder relacionarnos con usted, poder prestarle nuestros servicios y atender las solicitudes que nos ha realizado por medio de los formularios de nuestra web.<\/p><p><br><\/p><p>Asimismo, tambi\u00e9n pueden ser usados para otras actividades, como enviarle publicidad o promocionar nuestras actividades.<\/p><p><br><\/p><p>3. \u00bfPor qu\u00e9 necesitamos usar sus datos?<\/p><p>Sus datos personales son necesarios para poder relacionarnos con usted y poder prestarle nuestros servicios, lo que nos permite el uso de su informaci\u00f3n dentro de la legalidad.<\/p><p><br><\/p><p>No obstante, hay determinadas situaciones en las cuales necesitaremos su permiso previo para poder realizar determinadas actividades, como poder enviarle publicidad o publicar su imagen en Internet. Para ello, pondremos a su disposici\u00f3n una serie de casillas que le permitir\u00e1n decidir de manera clara y sencilla sobre el uso de su informaci\u00f3n personal.<\/p><p><br><\/p><p>4. \u00bfQui\u00e9n va a conocer la informaci\u00f3n que le pedimos?<\/p><p>Con car\u00e1cter general, s\u00f3lo el personal de nuestra entidad que est\u00e9 debidamente autorizado podr\u00e1 tener conocimiento de la informaci\u00f3n que le pedimos.<\/p><p><br><\/p><p>De igual modo, podr\u00e1n tener conocimiento de su informaci\u00f3n personal aquellas entidades que necesiten tener acceso a la misma para que podamos prestarle nuestros servicios. As\u00ed por ejemplo, nuestro banco conocer\u00e1 sus datos si el pago de nuestros servicios se realiza mediante tarjeta o transferencia bancaria.<\/p><p><br><\/p><p>Asimismo, tendr\u00e1n conocimiento de su informaci\u00f3n aquellas entidades p\u00fablicas o privadas a las cuales estemos obligados a facilitar sus datos personales con motivo del cumplimiento de alguna ley. Poni\u00e9ndole un ejemplo, la Ley Tributaria obliga a facilitar a la Agencia Tributaria determinada informaci\u00f3n sobre operaciones econ\u00f3micas que superen una determinada cantidad.<\/p><p><br><\/p><p>En el caso de que, al margen de los supuestos comentados, necesitemos dar a conocer su informaci\u00f3n personal a otras entidades, le solicitaremos previamente su permiso a trav\u00e9s de opciones claras que le permitir\u00e1n decidir a este respecto.<\/p><p><br><\/p><p>5. \u00bfC\u00f3mo vamos a proteger sus datos?<\/p><p>Protegeremos sus datos con medidas de seguridad eficaces en funci\u00f3n de los riesgos que conlleve el uso de su informaci\u00f3n.<\/p><p><br><\/p><p>Para ello, nuestra entidad ha aprobado una Pol\u00edtica de Protecci\u00f3n de Datos y se realizan controles y auditor\u00edas anuales para verificar que sus datos personales est\u00e1n seguros en todo momento.<\/p><p><br><\/p><p>6. \u00bfEnviaremos sus datos a otros pa\u00edses?<\/p><p>En el mundo hay pa\u00edses que son seguros para sus datos y otros que no lo son tanto. As\u00ed por ejemplo, la Uni\u00f3n Europea es un entorno seguro para sus datos. Nuestra pol\u00edtica es no enviar su informaci\u00f3n personal a ning\u00fan pa\u00eds que no sea seguro desde el punto de vista de la protecci\u00f3n de sus datos.<\/p><p><br><\/p><p>En el caso de que, con motivo de prestarle el servicio, sea imprescindible enviar sus datos a un pa\u00eds que no sea tan seguro como Espa\u00f1a, siempre le solicitaremos previamente su permiso y aplicaremos medidas de seguridad eficaces que reduzcan los riesgos del env\u00edo de su informaci\u00f3n personal a otro pa\u00eds.<\/p><p><br><\/p><p>7. \u00bfDurante cu\u00e1nto tiempo vamos a conservar sus datos?<\/p><p>Conservaremos sus datos durante nuestra relaci\u00f3n y mientras nos obliguen las leyes. Una vez finalizados los plazos legales aplicables, procederemos a eliminarlos de forma segura y respetuosa con el medio ambiente.<\/p><p><br><\/p><p>8. \u00bfCu\u00e1les son sus derechos de protecci\u00f3n de datos?<\/p><p>En cualquier momento puede dirigirse a nosotros para saber qu\u00e9 informaci\u00f3n tenemos sobre usted, rectificarla si fuese incorrecta y eliminarla una vez finalizada nuestra relaci\u00f3n, en el caso de que ello sea legalmente posible.<\/p><p><br><\/p><p>Tambi\u00e9n tiene derecho a solicitar el traspaso de su informaci\u00f3n a otra entidad. Este derecho se llama \u201cportabilidad\u201d y puede ser \u00fatil en determinadas situaciones.<\/p><p><br><\/p><p>Para solicitar alguno de estos derechos, deber\u00e1 realizar una solicitud escrita a nuestra direcci\u00f3n, junto con una fotocopia de su DNI, para poder identificarle.<\/p><p><br><\/p><p>En las oficinas de nuestra entidad disponemos de formularios espec\u00edficos para solicitar dichos derechos y le ofrecemos nuestra ayuda para su cumplimentaci\u00f3n.<\/p><p><br><\/p><p>Para saber m\u00e1s sobre sus derechos de protecci\u00f3n de datos, puede consultar la p\u00e1gina web de la Agencia Espa\u00f1ola de Protecci\u00f3n de Datos (www.agpd.es).<\/p><p><br><\/p><p>9. \u00bfPuede retirar su consentimiento si cambia de opini\u00f3n en un momento posterior?<\/p><p>Usted puede retirar su consentimiento si cambia de opini\u00f3n sobre el uso de sus datos en cualquier momento.<\/p><p><br><\/p><p>As\u00ed por ejemplo, si usted en su d\u00eda estuvo interesado\/a en recibir publicidad de nuestros productos o servicios, pero ya no desea recibir m\u00e1s publicidad, puede hac\u00e9rnoslo constar a trav\u00e9s del formulario de oposici\u00f3n al tratamiento disponible en las oficinas de nuestra entidad.<\/p><p><br><\/p><p>10. En caso de que entienda que sus derechos han sido desatendidos, \u00bfd\u00f3nde puede formular una reclamaci\u00f3n?<\/p><p>En caso de que entienda que sus derechos han sido desatendidos por nuestra entidad, puede formular una reclamaci\u00f3n en la Agencia Espa\u00f1ola de Protecci\u00f3n de Datos, a trav\u00e9s de alguno de los medios siguientes:<\/p><p><br><\/p><p>Sede electr\u00f3nica: www.agpd.es<\/p><p>Direcci\u00f3n postal:<\/p><p>Agencia Espa\u00f1ola de Protecci\u00f3n de Datos C\/ Jorge Juan, 6 28001-Madrid<\/p><p>Formular una reclamaci\u00f3n en la Agencia Espa\u00f1ola de Protecci\u00f3n de Datos no conlleva ning\u00fan coste y no es necesaria la asistencia de abogado ni procurador.<\/p><p><br><\/p><p>11. \u00bfElaboraremos perfiles sobre usted?<\/p><p>Nuestra pol\u00edtica es no elaborar perfiles sobre los usuarios de nuestros servicios.<\/p><p><br><\/p><p>No obstante, pueden existir situaciones en las que, con fines de prestaci\u00f3n del servicio, comerciales o de otro tipo, necesitemos elaborar perfiles de informaci\u00f3n sobre usted. Un ejemplo pudiera ser la utilizaci\u00f3n de su historial de compras o servicios para poder ofrecerle productos o servicios adaptados a sus gustos o necesidades.<\/p><p><br><\/p><p>En tal caso, siempre le mantendremos informado previamente y aplicaremos medidas de seguridad eficaces que protejan su informaci\u00f3n en todo momento de personas no autorizadas que pretendan utilizarla en su propio beneficio.<\/p><p><br><\/p><p>12. \u00bfUsaremos sus datos para otros fines?<\/p><p>Nuestra pol\u00edtica es no usar sus datos para otras finalidades distintas a las que le hemos explicado. Si, no obstante, necesitaremos usar sus datos para actividades distintas, siempre le solicitaremos previamente su permiso a trav\u00e9s de opciones claras que le permitir\u00e1n decidir al respecto.<\/p><p><br><\/p><p>13. Calidad de los datos tratados<\/p><p>Nuestra pol\u00edtica es no recoger datos de personas menores de trece a\u00f1os y en el supuesto de que una persona menor de trece a\u00f1os nos facilite sus datos, procederemos a su destrucci\u00f3n inmediata.<\/p><p><br><\/p><p>No debe facilitarnos datos falsos o de terceras personas sin su consentimiento. Usted es responsable de la veracidad y exactitud de los datos aportados.<\/p>\t\t\t\t\t<\/div>\n\t\t\t\t\t\t<\/div>\n\t\t\t\t<\/div>\n\t\t\t\t\t\t<\/div>\n\t\t\t\t\t<\/div>\n\t\t<\/div>\n\t\t\t\t\t\t\t\t<\/div>\n\t\t\t\t\t<\/div>\n\t\t<\/section>\n\t\t\t\t\t\t<\/div>\n\t\t\t\t\t<\/div>\n\t\t<\/div>\n\t\t\t\t\t\t\t\t<\/div>\n\t\t\t\t\t<\/div>\n\t\t<\/section>\n\t\t\t\t<section class=\"elementor-section elementor-top-section elementor-element elementor-element-75a93a84 elementor-section-content-middle elementor-section-boxed elementor-section-height-default elementor-section-height-default\" data-id=\"75a93a84\" data-element_type=\"section\" data-settings=\"{&quot;background_background&quot;:&quot;classic&quot;}\">\n\t\t\t\t\t\t<div class=\"elementor-container elementor-column-gap-default\">\n\t\t\t\t\t\t\t<div class=\"elementor-row\">\n\t\t\t\t\t<div class=\"elementor-column elementor-col-100 elementor-top-column elementor-element elementor-element-6997dab5\" data-id=\"6997dab5\" data-element_type=\"column\">\n\t\t\t<div class=\"elementor-column-wrap elementor-element-populated\">\n\t\t\t\t\t\t\t<div class=\"elementor-widget-wrap\">\n\t\t\t\t\t\t<div class=\"elementor-element elementor-element-7821e89 e-grid-align-tablet-center e-grid-align-mobile-center elementor-shape-rounded elementor-grid-0 e-grid-align-center elementor-widget elementor-widget-social-icons\" data-id=\"7821e89\" data-element_type=\"widget\" data-widget_type=\"social-icons.default\">\n\t\t\t\t<div class=\"elementor-widget-container\">\n\t\t\t\t\t<div class=\"elementor-social-icons-wrapper elementor-grid\">\n\t\t\t\t\t\t\t<span class=\"elementor-grid-item\">\n\t\t\t\t\t<a class=\"elementor-icon elementor-social-icon elementor-social-icon-facebook-f elementor-repeater-item-hm3y18b\" href=\"https:\/\/www.facebook.com\/AgenciaresSL\" target=\"_blank\">\n\t\t\t\t\t\t<span class=\"elementor-screen-only\">Facebook-f<\/span>\n\t\t\t\t\t\t<i class=\"fab fa-facebook-f\"><\/i>\t\t\t\t\t<\/a>\n\t\t\t\t<\/span>\n\t\t\t\t\t\t\t<span class=\"elementor-grid-item\">\n\t\t\t\t\t<a class=\"elementor-icon elementor-social-icon elementor-social-icon-twitter elementor-repeater-item-jng31iy\" href=\"https:\/\/x.com\/agenciares\" target=\"_blank\">\n\t\t\t\t\t\t<span class=\"elementor-screen-only\">Twitter<\/span>\n\t\t\t\t\t\t<i class=\"fab fa-twitter\"><\/i>\t\t\t\t\t<\/a>\n\t\t\t\t<\/span>\n\t\t\t\t\t\t\t<span class=\"elementor-grid-item\">\n\t\t\t\t\t<a class=\"elementor-icon elementor-social-icon elementor-social-icon-linkedin elementor-repeater-item-xm4f58e\" href=\"https:\/\/www.linkedin.com\/company\/ruiz-decoletaje\/?_l=es_ES\" target=\"_blank\">\n\t\t\t\t\t\t<span class=\"elementor-screen-only\">Linkedin<\/span>\n\t\t\t\t\t\t<i class=\"fab fa-linkedin\"><\/i>\t\t\t\t\t<\/a>\n\t\t\t\t<\/span>\n\t\t\t\t\t\t\t<span class=\"elementor-grid-item\">\n\t\t\t\t\t<a class=\"elementor-icon elementor-social-icon elementor-social-icon-instagram elementor-repeater-item-ec96a1c\" href=\"https:\/\/www.instagram.com\/agenciares\/\" target=\"_blank\">\n\t\t\t\t\t\t<span class=\"elementor-screen-only\">Instagram<\/span>\n\t\t\t\t\t\t<i class=\"fab fa-instagram\"><\/i>\t\t\t\t\t<\/a>\n\t\t\t\t<\/span>\n\t\t\t\t\t<\/div>\n\t\t\t\t<\/div>\n\t\t\t\t<\/div>\n\t\t\t\t\t\t<\/div>\n\t\t\t\t\t<\/div>\n\t\t<\/div>\n\t\t\t\t\t\t\t\t<\/div>\n\t\t\t\t\t<\/div>\n\t\t<\/section>\n\t\t\t\t\t\t<\/div>\n\t\t\t\t\t\t<\/div>\n\t\t\t\t\t<\/div>\n\t\t","protected":false},"excerpt":{"rendered":"<p>Pol\u00edtica de Privacidad I. INFORMACI\u00d3N EN CUMPLIMIENTO DE LO ESTABLECIDO EN LA LEY 34\/2002, DE 11 DE JULIO, DE SERVICIOS DE LA SOCIEDAD DE LA INFORMACI\u00d3N Y DE COMERCIO ELECTR\u00d3NICO. En cumplimiento de lo establecido en el art\u00edculo 10 de la Ley 34\/2002, de 11 de julio, de Servicios de la Sociedad de la Informaci\u00f3n [&hellip;]<\/p>\n","protected":false},"author":1,"featured_media":0,"parent":0,"menu_order":0,"comment_status":"closed","ping_status":"closed","template":"","meta":{"footnotes":""},"class_list":["post-1239","page","type-page","status-publish","hentry"],"yoast_head":"<!-- This site is optimized with the Yoast SEO plugin v16.7 - https:\/\/yoast.com\/wordpress\/plugins\/seo\/ -->\n<title>Pol\u00edtica de Privacidad - Agenciares - desde 2006<\/title>\n<meta name=\"robots\" content=\"index, follow, max-snippet:-1, max-image-preview:large, max-video-preview:-1\" \/>\n<link rel=\"canonical\" href=\"https:\/\/agenciares.es\/index.php\/politica-de-privacidad\/\" \/>\n<meta property=\"og:locale\" content=\"es_ES\" \/>\n<meta property=\"og:type\" content=\"article\" \/>\n<meta property=\"og:title\" content=\"Pol\u00edtica de Privacidad - Agenciares - desde 2006\" \/>\n<meta property=\"og:description\" content=\"Pol\u00edtica de Privacidad I. INFORMACI\u00d3N EN CUMPLIMIENTO DE LO ESTABLECIDO EN LA LEY 34\/2002, DE 11 DE JULIO, DE SERVICIOS DE LA SOCIEDAD DE LA INFORMACI\u00d3N Y DE COMERCIO ELECTR\u00d3NICO. En cumplimiento de lo establecido en el art\u00edculo 10 de la Ley 34\/2002, de 11 de julio, de Servicios de la Sociedad de la Informaci\u00f3n [&hellip;]\" \/>\n<meta property=\"og:url\" content=\"https:\/\/agenciares.es\/index.php\/politica-de-privacidad\/\" \/>\n<meta property=\"og:site_name\" content=\"Agenciares - desde 2006\" \/>\n<meta property=\"article:publisher\" content=\"https:\/\/www.facebook.com\/AgenciaresSL\" \/>\n<meta property=\"article:modified_time\" content=\"2025-05-12T10:03:07+00:00\" \/>\n<meta name=\"twitter:card\" content=\"summary_large_image\" \/>\n<meta name=\"twitter:label1\" content=\"Tiempo de lectura\" \/>\n\t<meta name=\"twitter:data1\" content=\"6 minutos\" \/>\n<script type=\"application\/ld+json\" class=\"yoast-schema-graph\">{\"@context\":\"https:\/\/schema.org\",\"@graph\":[{\"@type\":\"Organization\",\"@id\":\"https:\/\/agenciares.es\/#organization\",\"name\":\"Agenciares\",\"url\":\"https:\/\/agenciares.es\/\",\"sameAs\":[\"https:\/\/www.facebook.com\/AgenciaresSL\",\"https:\/\/www.instagram.com\/agenciares\/\",\"https:\/\/www.linkedin.com\/company\/ruiz-decoletaje\/?_l=es_ES\"],\"logo\":{\"@type\":\"ImageObject\",\"@id\":\"https:\/\/agenciares.es\/#logo\",\"inLanguage\":\"es\",\"url\":\"https:\/\/agenciares.es\/wp-content\/uploads\/2020\/12\/AGENCIARES-SIN-LEMA.png\",\"contentUrl\":\"https:\/\/agenciares.es\/wp-content\/uploads\/2020\/12\/AGENCIARES-SIN-LEMA.png\",\"width\":1064,\"height\":234,\"caption\":\"Agenciares\"},\"image\":{\"@id\":\"https:\/\/agenciares.es\/#logo\"}},{\"@type\":\"WebSite\",\"@id\":\"https:\/\/agenciares.es\/#website\",\"url\":\"https:\/\/agenciares.es\/\",\"name\":\"Agenciares - desde 2006\",\"description\":\"Suministros de Griferia\",\"publisher\":{\"@id\":\"https:\/\/agenciares.es\/#organization\"},\"potentialAction\":[{\"@type\":\"SearchAction\",\"target\":{\"@type\":\"EntryPoint\",\"urlTemplate\":\"https:\/\/agenciares.es\/?s={search_term_string}\"},\"query-input\":\"required name=search_term_string\"}],\"inLanguage\":\"es\"},{\"@type\":\"WebPage\",\"@id\":\"https:\/\/agenciares.es\/index.php\/politica-de-privacidad\/#webpage\",\"url\":\"https:\/\/agenciares.es\/index.php\/politica-de-privacidad\/\",\"name\":\"Pol\\u00edtica de Privacidad - Agenciares - desde 2006\",\"isPartOf\":{\"@id\":\"https:\/\/agenciares.es\/#website\"},\"datePublished\":\"2021-01-07T09:33:05+00:00\",\"dateModified\":\"2025-05-12T10:03:07+00:00\",\"breadcrumb\":{\"@id\":\"https:\/\/agenciares.es\/index.php\/politica-de-privacidad\/#breadcrumb\"},\"inLanguage\":\"es\",\"potentialAction\":[{\"@type\":\"ReadAction\",\"target\":[\"https:\/\/agenciares.es\/index.php\/politica-de-privacidad\/\"]}]},{\"@type\":\"BreadcrumbList\",\"@id\":\"https:\/\/agenciares.es\/index.php\/politica-de-privacidad\/#breadcrumb\",\"itemListElement\":[{\"@type\":\"ListItem\",\"position\":1,\"name\":\"Home\",\"item\":\"https:\/\/agenciares.es\/\"},{\"@type\":\"ListItem\",\"position\":2,\"name\":\"Pol\\u00edtica de Privacidad\"}]}]}<\/script>\n<!-- \/ Yoast SEO plugin. -->","yoast_head_json":{"title":"Pol\u00edtica de Privacidad - Agenciares - desde 2006","robots":{"index":"index","follow":"follow","max-snippet":"max-snippet:-1","max-image-preview":"max-image-preview:large","max-video-preview":"max-video-preview:-1"},"canonical":"https:\/\/agenciares.es\/index.php\/politica-de-privacidad\/","og_locale":"es_ES","og_type":"article","og_title":"Pol\u00edtica de Privacidad - Agenciares - desde 2006","og_description":"Pol\u00edtica de Privacidad I. INFORMACI\u00d3N EN CUMPLIMIENTO DE LO ESTABLECIDO EN LA LEY 34\/2002, DE 11 DE JULIO, DE SERVICIOS DE LA SOCIEDAD DE LA INFORMACI\u00d3N Y DE COMERCIO ELECTR\u00d3NICO. En cumplimiento de lo establecido en el art\u00edculo 10 de la Ley 34\/2002, de 11 de julio, de Servicios de la Sociedad de la Informaci\u00f3n [&hellip;]","og_url":"https:\/\/agenciares.es\/index.php\/politica-de-privacidad\/","og_site_name":"Agenciares - desde 2006","article_publisher":"https:\/\/www.facebook.com\/AgenciaresSL","article_modified_time":"2025-05-12T10:03:07+00:00","twitter_card":"summary_large_image","twitter_misc":{"Tiempo de lectura":"6 minutos"},"schema":{"@context":"https:\/\/schema.org","@graph":[{"@type":"Organization","@id":"https:\/\/agenciares.es\/#organization","name":"Agenciares","url":"https:\/\/agenciares.es\/","sameAs":["https:\/\/www.facebook.com\/AgenciaresSL","https:\/\/www.instagram.com\/agenciares\/","https:\/\/www.linkedin.com\/company\/ruiz-decoletaje\/?_l=es_ES"],"logo":{"@type":"ImageObject","@id":"https:\/\/agenciares.es\/#logo","inLanguage":"es","url":"https:\/\/agenciares.es\/wp-content\/uploads\/2020\/12\/AGENCIARES-SIN-LEMA.png","contentUrl":"https:\/\/agenciares.es\/wp-content\/uploads\/2020\/12\/AGENCIARES-SIN-LEMA.png","width":1064,"height":234,"caption":"Agenciares"},"image":{"@id":"https:\/\/agenciares.es\/#logo"}},{"@type":"WebSite","@id":"https:\/\/agenciares.es\/#website","url":"https:\/\/agenciares.es\/","name":"Agenciares - desde 2006","description":"Suministros de Griferia","publisher":{"@id":"https:\/\/agenciares.es\/#organization"},"potentialAction":[{"@type":"SearchAction","target":{"@type":"EntryPoint","urlTemplate":"https:\/\/agenciares.es\/?s={search_term_string}"},"query-input":"required name=search_term_string"}],"inLanguage":"es"},{"@type":"WebPage","@id":"https:\/\/agenciares.es\/index.php\/politica-de-privacidad\/#webpage","url":"https:\/\/agenciares.es\/index.php\/politica-de-privacidad\/","name":"Pol\u00edtica de Privacidad - Agenciares - desde 2006","isPartOf":{"@id":"https:\/\/agenciares.es\/#website"},"datePublished":"2021-01-07T09:33:05+00:00","dateModified":"2025-05-12T10:03:07+00:00","breadcrumb":{"@id":"https:\/\/agenciares.es\/index.php\/politica-de-privacidad\/#breadcrumb"},"inLanguage":"es","potentialAction":[{"@type":"ReadAction","target":["https:\/\/agenciares.es\/index.php\/politica-de-privacidad\/"]}]},{"@type":"BreadcrumbList","@id":"https:\/\/agenciares.es\/index.php\/politica-de-privacidad\/#breadcrumb","itemListElement":[{"@type":"ListItem","position":1,"name":"Home","item":"https:\/\/agenciares.es\/"},{"@type":"ListItem","position":2,"name":"Pol\u00edtica de Privacidad"}]}]}},"jetpack_sharing_enabled":true,"_links":{"self":[{"href":"https:\/\/agenciares.es\/index.php\/wp-json\/wp\/v2\/pages\/1239","targetHints":{"allow":["GET"]}}],"collection":[{"href":"https:\/\/agenciares.es\/index.php\/wp-json\/wp\/v2\/pages"}],"about":[{"href":"https:\/\/agenciares.es\/index.php\/wp-json\/wp\/v2\/types\/page"}],"author":[{"embeddable":true,"href":"https:\/\/agenciares.es\/index.php\/wp-json\/wp\/v2\/users\/1"}],"replies":[{"embeddable":true,"href":"https:\/\/agenciares.es\/index.php\/wp-json\/wp\/v2\/comments?post=1239"}],"version-history":[{"count":8,"href":"https:\/\/agenciares.es\/index.php\/wp-json\/wp\/v2\/pages\/1239\/revisions"}],"predecessor-version":[{"id":1819,"href":"https:\/\/agenciares.es\/index.php\/wp-json\/wp\/v2\/pages\/1239\/revisions\/1819"}],"wp:attachment":[{"href":"https:\/\/agenciares.es\/index.php\/wp-json\/wp\/v2\/media?parent=1239"}],"curies":[{"name":"wp","href":"https:\/\/api.w.org\/{rel}","templated":true}]}}